{"id":1123,"date":"2019-01-21T02:53:00","date_gmt":"2019-01-21T01:53:00","guid":{"rendered":"https:\/\/www.raelihotelluce.com\/welcome\/"},"modified":"2025-11-06T11:41:31","modified_gmt":"2025-11-06T10:41:31","slug":"welcome","status":"publish","type":"page","link":"https:\/\/www.raelihotelluce.com\/it\/","title":{"rendered":"Raeli Hotel Luce"},"content":{"rendered":"\n<style type=\"text\/css\" data-created_by=\"avia_inline_auto\" id=\"style-css-av-6v440-7c6958e668fd21033075432132b1163b\">\n.avia-section.av-6v440-7c6958e668fd21033075432132b1163b .av-parallax .av-parallax-inner{\nbackground-repeat:no-repeat;\nbackground-image:url(https:\/\/www.raelihotelluce.com\/wp-content\/uploads\/2025\/07\/Basilica-Santa-Maria-maggiore.jpg);\nbackground-position:50% 50%;\nbackground-attachment:scroll;\n}\n<\/style>\n<div id='av_section_1'  class='avia-section av-6v440-7c6958e668fd21033075432132b1163b main_color avia-section-default avia-no-shadow  avia-builder-el-0  el_before_av_section  avia-builder-el-first  avia-full-stretch av-parallax-section avia-bg-style-parallax av-minimum-height av-minimum-height-custom av-height-custom  container_wrap sidebar_right'  data-section-bg-repeat='stretch' data-av_minimum_height_px='600'><div class='av-parallax' data-avia-parallax-ratio='0.3' ><div class='av-parallax-inner main_color avia-full-stretch'><\/div><\/div><div class='container av-section-cont-open' style='height:600px'><main  role=\"main\" itemprop=\"mainContentOfPage\"  class='template-page content  av-content-small alpha units'><div class='post-entry post-entry-type-page post-entry-1123'><div class='entry-content-wrapper clearfix'>\n\n<style type=\"text\/css\" data-created_by=\"avia_inline_auto\" id=\"style-css-av-jwuju20i-551c72b393fd1d16f155bf45ccd975db\">\n#top .av-special-heading.av-jwuju20i-551c72b393fd1d16f155bf45ccd975db{\npadding-bottom:0;\ncolor:#ffffff;\nfont-size:60px;\n}\nbody .av-special-heading.av-jwuju20i-551c72b393fd1d16f155bf45ccd975db .av-special-heading-tag .heading-char{\nfont-size:25px;\n}\n#top #wrap_all .av-special-heading.av-jwuju20i-551c72b393fd1d16f155bf45ccd975db .av-special-heading-tag{\nfont-size:60px;\n}\n.av-special-heading.av-jwuju20i-551c72b393fd1d16f155bf45ccd975db .special-heading-inner-border{\nborder-color:#ffffff;\n}\n.av-special-heading.av-jwuju20i-551c72b393fd1d16f155bf45ccd975db .av-subheading{\nfont-size:18px;\n}\n\n@media only screen and (min-width: 480px) and (max-width: 767px){ \n#top #wrap_all .av-special-heading.av-jwuju20i-551c72b393fd1d16f155bf45ccd975db .av-special-heading-tag{\nfont-size:0.8em;\n}\n}\n\n@media only screen and (max-width: 479px){ \n#top #wrap_all .av-special-heading.av-jwuju20i-551c72b393fd1d16f155bf45ccd975db .av-special-heading-tag{\nfont-size:0.8em;\n}\n}\n<\/style>\n<div  class='av-special-heading av-jwuju20i-551c72b393fd1d16f155bf45ccd975db av-special-heading-h1 custom-color-heading blockquote modern-quote  avia-builder-el-1  avia-builder-el-no-sibling  av-thin-font av-inherit-size av-linked-heading'><h1 class='av-special-heading-tag '  itemprop=\"headline\"  >Benvenuto a <strong>Raeli Hotel Luce<\/strong><\/h1><div class='av_custom_color av-subheading av-subheading_below'><p>L&#8217;hotel per i tuoi momenti a Roma<br \/>\n<strong><a href=\"https:\/\/www.raelihotelluce.com\/prenota\">Prenota ora<\/a><\/strong><\/p>\n<\/div><div class=\"special-heading-border\"><div class=\"special-heading-inner-border\"><\/div><\/div><\/div>\n\n<\/div><\/div><\/main><!-- close content main element --><\/div><\/div>\n<style type=\"text\/css\" data-created_by=\"avia_inline_auto\" id=\"style-css-av-60m48-01d48983c4ba34c34e4744f780c417cb\">\n.avia-section.av-60m48-01d48983c4ba34c34e4744f780c417cb{\nbackground-repeat:no-repeat;\nbackground-image:url(https:\/\/www.raelihotelluce.com\/wp-content\/uploads\/2014\/07\/fruit_bg.jpg);\nbackground-position:100% 100%;\nbackground-attachment:scroll;\n}\n<\/style>\n<div id='av_section_2'  class='avia-section av-60m48-01d48983c4ba34c34e4744f780c417cb main_color avia-section-large avia-no-border-styling  avia-builder-el-2  el_after_av_section  avia-builder-el-last  avia-bg-style-scroll container_wrap sidebar_right'  data-section-bg-repeat='no-repeat'><div class='container av-section-cont-open' ><div class='template-page content  av-content-small alpha units'><div class='post-entry post-entry-type-page post-entry-1123'><div class='entry-content-wrapper clearfix'>\n<div  class='flex_column av-1kflmg-2544537772908296ab6457bc969d1e95 av_two_third  avia-builder-el-3  el_before_av_one_third  avia-builder-el-first  first flex_column_div  '     ><div  class='avia-slideshow av-jr7otw43-96fdbe23b9fbf7c81a5f942b8a24f37a avia-slideshow-magazine av_slideshow avia-fade-slider  avia-builder-el-4  avia-builder-el-no-sibling  av-slideshow-ui av-control-default av-slideshow-autoplay av-loop-endless av-loop-manual-endless av-default-height-applied avia-slideshow-1' data-slideshow-options=\"{&quot;animation&quot;:&quot;fade&quot;,&quot;autoplay&quot;:true,&quot;loop_autoplay&quot;:&quot;endless&quot;,&quot;interval&quot;:5,&quot;loop_manual&quot;:&quot;manual-endless&quot;,&quot;autoplay_stopper&quot;:false,&quot;noNavigation&quot;:false,&quot;bg_slider&quot;:false,&quot;keep_padding&quot;:false,&quot;hoverpause&quot;:false,&quot;show_slide_delay&quot;:0}\"  itemprop=\"image\" itemscope=\"itemscope\" itemtype=\"https:\/\/schema.org\/ImageObject\" ><ul class='avia-slideshow-inner ' style='padding-bottom: 52.816901408451%;'><li  class='avia-slideshow-slide av-jr7otw43-96fdbe23b9fbf7c81a5f942b8a24f37a__0  slide-1 slide-odd'><div data-rel='slideshow-1' class='avia-slide-wrap '   ><img decoding=\"async\" fetchpriority=\"high\" class=\"wp-image-1197 avia-img-lazy-loading-not-1197\"  src=\"https:\/\/www.raelihotelluce.com\/wp-content\/uploads\/2025\/07\/hotel-luce-710x375.jpg\" width=\"710\" height=\"375\" title='hotel luce' alt=''  itemprop=\"thumbnailUrl\"   \/><\/div><\/li><li  class='avia-slideshow-slide av-jr7otw43-96fdbe23b9fbf7c81a5f942b8a24f37a__1  slide-2 slide-even'><div data-rel='slideshow-1' class='avia-slide-wrap '   ><img decoding=\"async\" fetchpriority=\"high\" class=\"wp-image-1199 avia-img-lazy-loading-not-1199\"  src=\"https:\/\/www.raelihotelluce.com\/wp-content\/uploads\/2025\/07\/colazione-1-710x375.jpg\" width=\"710\" height=\"375\" title='colazione' alt=''  itemprop=\"thumbnailUrl\"   \/><\/div><\/li><li  class='avia-slideshow-slide av-jr7otw43-96fdbe23b9fbf7c81a5f942b8a24f37a__2  slide-3 slide-odd'><div data-rel='slideshow-1' class='avia-slide-wrap '   ><img decoding=\"async\" fetchpriority=\"high\" class=\"wp-image-1209 avia-img-lazy-loading-not-1209\"  src=\"https:\/\/www.raelihotelluce.com\/wp-content\/uploads\/2025\/07\/singola-710x375.jpg\" width=\"710\" height=\"375\" title='singola' alt=''  itemprop=\"thumbnailUrl\"   \/><\/div><\/li><\/ul><div class='avia-slideshow-arrows avia-slideshow-controls' ><a href='#prev' class='prev-slide ' aria-hidden='true' data-av_icon='\ue87c' data-av_iconfont='entypo-fontello'  tabindex='-1'>Prec<\/a><a href='#next' class='next-slide ' aria-hidden='true' data-av_icon='\ue87d' data-av_iconfont='entypo-fontello'  tabindex='-1'>Succ<\/a><\/div><div class='avia-slideshow-dots avia-slideshow-controls'><a href='#1' class='goto-slide active' >1<\/a><a href='#2' class='goto-slide ' >2<\/a><a href='#3' class='goto-slide ' >3<\/a><\/div><\/div><\/div>\n<style type=\"text\/css\" data-created_by=\"avia_inline_auto\" id=\"style-css-av-upf14-8b814e9b9ee504655db6a60ff1d08eed\">\n.flex_column.av-upf14-8b814e9b9ee504655db6a60ff1d08eed{\nborder-radius:0px 0px 0px 0px;\npadding:0px 0px 0px 0px;\n}\n<\/style>\n<div  class='flex_column av-upf14-8b814e9b9ee504655db6a60ff1d08eed av_one_third  avia-builder-el-5  el_after_av_two_third  el_before_av_one_half  flex_column_div av-zero-column-padding  '     ><p>\n<style type=\"text\/css\" data-created_by=\"avia_inline_auto\" id=\"style-css-av-jwujur6l-0408ae3cfdfa8ea3f4b0c8588c06cccf\">\n#top .av-special-heading.av-jwujur6l-0408ae3cfdfa8ea3f4b0c8588c06cccf{\npadding-bottom:0;\n}\nbody .av-special-heading.av-jwujur6l-0408ae3cfdfa8ea3f4b0c8588c06cccf .av-special-heading-tag .heading-char{\nfont-size:25px;\n}\n.av-special-heading.av-jwujur6l-0408ae3cfdfa8ea3f4b0c8588c06cccf .av-subheading{\nfont-size:15px;\n}\n<\/style>\n<div  class='av-special-heading av-jwujur6l-0408ae3cfdfa8ea3f4b0c8588c06cccf av-special-heading-h2 blockquote modern-quote  avia-builder-el-6  el_before_av_hr  avia-builder-el-first  av-thin-font av-linked-heading'><h2 class='av-special-heading-tag '  itemprop=\"headline\"  >Hotel centrico vicino a<strong> S. Maria Maggiore<\/strong><\/h2><div class='av-subheading av-subheading_below'><p>Sei ad un solo click da vivere Roma!<\/p>\n<\/div><div class=\"special-heading-border\"><div class=\"special-heading-inner-border\"><\/div><\/div><\/div><br \/>\n\n<style type=\"text\/css\" data-created_by=\"avia_inline_auto\" id=\"style-css-av-p14v4-e9404073d87b81344ed3dc25c3ea4041\">\n#top .hr.hr-invisible.av-p14v4-e9404073d87b81344ed3dc25c3ea4041{\nheight:1px;\n}\n<\/style>\n<div  class='hr av-p14v4-e9404073d87b81344ed3dc25c3ea4041 hr-invisible  avia-builder-el-7  el_after_av_heading  el_before_av_textblock '><span class='hr-inner '><span class=\"hr-inner-style\"><\/span><\/span><\/div><br \/>\n<section  class='av_textblock_section av-jr7ovfy9-ba580d47ddafc503b4f77ce22c0390b9 '   itemscope=\"itemscope\" itemtype=\"https:\/\/schema.org\/CreativeWork\" ><div class='avia_textblock'  itemprop=\"text\" ><div>\n<p>Interamente climatizzato, questo city hotel dispone di 66 camere e vanta un&#8217;atmosfera elegante. La struttura offre reception aperta 24 ore su 24, cassetta di sicurezza e sala per la colazione.<\/p>\n<p>Le camere dispongono tutte di bagno privato con doccia e asciugacapelli, letto a due piazze, telefono con linea diretta, TV, cassetta di sicurezza, minibar e aria condizionata.<\/p>\n<\/div>\n<div>\n<ul>\n<li>Vivi un&#8217;esperienza unica: qualit\u00e0 e servizio di prim&#8217;ordine.<\/li>\n<li>Camere singole e doppie.<\/li>\n<li>Qualit\u00e0\/prezzo imbattibile.<\/li>\n<\/ul>\n<\/div>\n<p>Per un&#8217;esperienza <strong>diversa<\/strong>&#8230;<\/p>\n<\/div><\/section><br \/>\n<div  class='avia-button-wrap av-kt6yg-c2a8ac3b173e19da89bd11ec5bf07c58-wrap avia-button-center  avia-builder-el-9  el_after_av_textblock  avia-builder-el-last '><a href='https:\/\/www.raelihotelluce.com\/prenota'  class='avia-button av-kt6yg-c2a8ac3b173e19da89bd11ec5bf07c58 av-link-btn avia-icon_select-yes-left-icon avia-size-small avia-position-center avia-color-theme-color'   aria-label=\"Prenota Ora\"><span class='avia_button_icon avia_button_icon_left' aria-hidden='true' data-av_icon='\ue85b' data-av_iconfont='entypo-fontello'><\/span><span class='avia_iconbox_title' >Prenota Ora<\/span><\/a><\/div><\/p><\/div><div  class='flex_column av-cwktc-8c08a6776c789c4bcaf33db4a1197834 av_one_half  avia-builder-el-10  el_after_av_one_third  el_before_av_one_half  first flex_column_div  column-top-margin'     ><p>\n<style type=\"text\/css\" data-created_by=\"avia_inline_auto\" id=\"style-css-av-jr7ovte8-7c00e7f530f5c11b75560da1a5692760\">\n.avia-image-container.av-jr7ovte8-7c00e7f530f5c11b75560da1a5692760 img.avia_image{\nbox-shadow:none;\n}\n.avia-image-container.av-jr7ovte8-7c00e7f530f5c11b75560da1a5692760 .av-caption-image-overlay-bg{\nopacity:0.4;\nbackground-color:#000000;\n}\n.avia-image-container.av-jr7ovte8-7c00e7f530f5c11b75560da1a5692760 .av-image-caption-overlay-center{\ncolor:#ffffff;\nfont-size:20px;\n}\n<\/style>\n<div  class='avia-image-container av-jr7ovte8-7c00e7f530f5c11b75560da1a5692760 av-styling- av-img-linked avia_animated_image av-animated-when-visible-95 pop-up avia-align-center  avia-builder-el-11  el_before_av_icon_box  avia-builder-el-first  noHover av-overlay-on-hover'   itemprop=\"image\" itemscope=\"itemscope\" itemtype=\"https:\/\/schema.org\/ImageObject\" ><div class=\"avia-image-container-inner\"><div class=\"avia-image-overlay-wrap\"><a href=\"https:\/\/www.raelihotelluce.com\/it\/camere\/\" class='avia_image '  aria-label='hotel luce'><div class=\"av-image-caption-overlay\"><div class=\"av-caption-image-overlay-bg\"><\/div><div class=\"av-image-caption-overlay-position\"><div class=\"av-image-caption-overlay-center\"><p>M\u00e1s info&#8230;.<\/p>\n<\/div><\/div><\/div><img decoding=\"async\" fetchpriority=\"high\" class='wp-image-1197 avia-img-lazy-loading-not-1197 avia_image ' src=\"https:\/\/www.raelihotelluce.com\/wp-content\/uploads\/2025\/07\/hotel-luce-845x684.jpg\" alt='' title='hotel luce'  height=\"684\" width=\"845\"  itemprop=\"thumbnailUrl\" srcset=\"https:\/\/www.raelihotelluce.com\/wp-content\/uploads\/2025\/07\/hotel-luce-845x684.jpg 845w, https:\/\/www.raelihotelluce.com\/wp-content\/uploads\/2025\/07\/hotel-luce-495x400.jpg 495w\" sizes=\"(max-width: 845px) 100vw, 845px\" \/><\/a><\/div><\/div><\/div><br \/>\n<article  class='iconbox iconbox_left av-jr7ow9h8-e3dacf0c5eee5cb9850120171681589e  avia-builder-el-12  el_after_av_image  avia-builder-el-last '  itemscope=\"itemscope\" itemtype=\"https:\/\/schema.org\/CreativeWork\" ><div class=\"iconbox_content\"><header class=\"entry-content-header\"><div class=\"iconbox_icon heading-color\" aria-hidden='true' data-av_icon='\ue808' data-av_iconfont='entypo-fontello'><\/div><h3 class='iconbox_content_title '  itemprop=\"headline\" ><a href='https:\/\/www.raelihotelluce.com\/it\/camere\/' title='SCOPRI L\u2019HOTEL'  >SCOPRI L\u2019HOTEL<\/a><\/h3><\/header><div class='iconbox_content_container '  itemprop=\"text\" ><p>Scopri l&#8217;hotel.<\/p>\n<p><a href=\"https:\/\/www.raelihotelluce.com\/it\/scopri\/\"><strong>Pi\u00f9 info -><\/strong><\/a><\/p>\n<\/div><\/div><footer class=\"entry-footer\"><\/footer><\/article><\/p><\/div>\n<style type=\"text\/css\" data-created_by=\"avia_inline_auto\" id=\"style-css-av-795ig-440c5416baa9ab58aac6273a531a0bea\">\n.flex_column.av-795ig-440c5416baa9ab58aac6273a531a0bea{\nborder-radius:0px 0px 0px 0px;\npadding:0px 0px 0px 0px;\n}\n<\/style>\n<div  class='flex_column av-795ig-440c5416baa9ab58aac6273a531a0bea av_one_half  avia-builder-el-13  el_after_av_one_half  avia-builder-el-last  flex_column_div av-zero-column-padding  column-top-margin'     ><p>\n<style type=\"text\/css\" data-created_by=\"avia_inline_auto\" id=\"style-css-av-jr7ovznm-8bd44d3f2ea423dd71a5fdb69b4f5c41\">\n.avia-image-container.av-jr7ovznm-8bd44d3f2ea423dd71a5fdb69b4f5c41 img.avia_image{\nbox-shadow:none;\n}\n.avia-image-container.av-jr7ovznm-8bd44d3f2ea423dd71a5fdb69b4f5c41 .av-caption-image-overlay-bg{\nopacity:0.4;\nbackground-color:#000000;\n}\n.avia-image-container.av-jr7ovznm-8bd44d3f2ea423dd71a5fdb69b4f5c41 .av-image-caption-overlay-center{\ncolor:#ffffff;\nfont-size:20px;\n}\n<\/style>\n<div  class='avia-image-container av-jr7ovznm-8bd44d3f2ea423dd71a5fdb69b4f5c41 av-styling- av-img-linked avia_animated_image av-animated-when-visible-95 pop-up avia-align-center  avia-builder-el-14  el_before_av_icon_box  avia-builder-el-first  noHover av-overlay-on-hover'   itemprop=\"image\" itemscope=\"itemscope\" itemtype=\"https:\/\/schema.org\/ImageObject\" ><div class=\"avia-image-container-inner\"><div class=\"avia-image-overlay-wrap\"><a href=\"https:\/\/www.raelihotelluce.com\/it\/camere\/\" class='avia_image '  aria-label='singola'><div class=\"av-image-caption-overlay\"><div class=\"av-caption-image-overlay-bg\"><\/div><div class=\"av-image-caption-overlay-position\"><div class=\"av-image-caption-overlay-center\"><p>M\u00e1s info&#8230;.<\/p>\n<\/div><\/div><\/div><img decoding=\"async\" fetchpriority=\"high\" class='wp-image-1209 avia-img-lazy-loading-not-1209 avia_image ' src=\"https:\/\/www.raelihotelluce.com\/wp-content\/uploads\/2025\/07\/singola-845x684.jpg\" alt='' title='singola'  height=\"684\" width=\"845\"  itemprop=\"thumbnailUrl\" srcset=\"https:\/\/www.raelihotelluce.com\/wp-content\/uploads\/2025\/07\/singola-845x684.jpg 845w, https:\/\/www.raelihotelluce.com\/wp-content\/uploads\/2025\/07\/singola-495x400.jpg 495w\" sizes=\"(max-width: 845px) 100vw, 845px\" \/><\/a><\/div><\/div><\/div><br \/>\n<article  class='iconbox iconbox_left av-jr7owgqj-f97f2d921e76442875946e53545d9cc2  avia-builder-el-15  el_after_av_image  avia-builder-el-last '  itemscope=\"itemscope\" itemtype=\"https:\/\/schema.org\/CreativeWork\" ><div class=\"iconbox_content\"><header class=\"entry-content-header\"><div class=\"iconbox_icon heading-color\" aria-hidden='true' data-av_icon='\ue808' data-av_iconfont='entypo-fontello'><\/div><h3 class='iconbox_content_title '  itemprop=\"headline\" ><a href='https:\/\/www.raelihotelluce.com\/it\/camere\/' title='CAMERE'  >CAMERE<\/a><\/h3><\/header><div class='iconbox_content_container '  itemprop=\"text\" ><p>Scopri tutte le possibilit\u00e0.<\/p>\n<p><a href=\"https:\/\/www.raelihotelluce.com\/it\/camere\/\"><strong>Pi\u00f9 info -><\/strong><\/a><\/p>\n<\/div><\/div><footer class=\"entry-footer\"><\/footer><\/article><\/p><\/div><\/div><\/div><\/div><!-- close content main div --><\/div><\/div><div id='after_section_2'  class='main_color av_default_container_wrap container_wrap sidebar_right'  ><div class='container av-section-cont-open' ><div class='template-page content  av-content-small alpha units'><div class='post-entry post-entry-type-page post-entry-1123'><div class='entry-content-wrapper clearfix'>\n","protected":false},"excerpt":{"rendered":"","protected":false},"author":1,"featured_media":0,"parent":0,"menu_order":0,"comment_status":"open","ping_status":"open","template":"","meta":{"footnotes":""},"class_list":["post-1123","page","type-page","status-publish","hentry"],"yoast_head":"<!-- This site is optimized with the Yoast SEO plugin v26.3 - https:\/\/yoast.com\/wordpress\/plugins\/seo\/ -->\n<title>Raeli Hotel Luce - Roma<\/title>\n<meta name=\"description\" content=\"Raeli Hotel Luce: il tuo \u2b50hotel\u2b50 a Roma. Vicino a Santa Maria Maggiore. Il miglior binomio qualit\u00e0\/prezzo &gt;&gt;&gt;\" \/>\n<meta name=\"robots\" content=\"index, follow, max-snippet:-1, max-image-preview:large, max-video-preview:-1\" \/>\n<link rel=\"canonical\" href=\"https:\/\/www.raelihotelluce.com\/it\/\" \/>\n<meta property=\"og:locale\" content=\"it_IT\" \/>\n<meta property=\"og:type\" content=\"article\" \/>\n<meta property=\"og:title\" content=\"Raeli Hotel Luce - Roma\" \/>\n<meta property=\"og:description\" content=\"Raeli Hotel Luce: il tuo \u2b50hotel\u2b50 a Roma. Vicino a Santa Maria Maggiore. Il miglior binomio qualit\u00e0\/prezzo &gt;&gt;&gt;\" \/>\n<meta property=\"og:url\" content=\"https:\/\/www.raelihotelluce.com\/it\/\" \/>\n<meta property=\"og:site_name\" content=\"Raeli Hotel Luce, Roma\" \/>\n<meta property=\"article:modified_time\" content=\"2025-11-06T10:41:31+00:00\" \/>\n<meta name=\"twitter:card\" content=\"summary_large_image\" \/>\n<meta name=\"twitter:label1\" content=\"Tempo di lettura stimato\" \/>\n\t<meta name=\"twitter:data1\" content=\"2 minuti\" \/>\n<script type=\"application\/ld+json\" class=\"yoast-schema-graph\">{\"@context\":\"https:\/\/schema.org\",\"@graph\":[{\"@type\":\"WebPage\",\"@id\":\"https:\/\/www.raelihotelluce.com\/it\/\",\"url\":\"https:\/\/www.raelihotelluce.com\/it\/\",\"name\":\"Raeli Hotel Luce - Roma\",\"isPartOf\":{\"@id\":\"https:\/\/www.raelihotelluce.com\/it\/#website\"},\"datePublished\":\"2019-01-21T01:53:00+00:00\",\"dateModified\":\"2025-11-06T10:41:31+00:00\",\"description\":\"Raeli Hotel Luce: il tuo \u2b50hotel\u2b50 a Roma. Vicino a Santa Maria Maggiore. Il miglior binomio qualit\u00e0\/prezzo >>>\",\"breadcrumb\":{\"@id\":\"https:\/\/www.raelihotelluce.com\/it\/#breadcrumb\"},\"inLanguage\":\"it-IT\",\"potentialAction\":[{\"@type\":\"ReadAction\",\"target\":[\"https:\/\/www.raelihotelluce.com\/it\/\"]}]},{\"@type\":\"BreadcrumbList\",\"@id\":\"https:\/\/www.raelihotelluce.com\/it\/#breadcrumb\",\"itemListElement\":[{\"@type\":\"ListItem\",\"position\":1,\"name\":\"Home\",\"item\":\"https:\/\/www.raelihotelluce.com\/it\/\"},{\"@type\":\"ListItem\",\"position\":2,\"name\":\"Raeli Hotel Luce\"}]},{\"@type\":\"WebSite\",\"@id\":\"https:\/\/www.raelihotelluce.com\/it\/#website\",\"url\":\"https:\/\/www.raelihotelluce.com\/it\/\",\"name\":\"Raeli Hotel Luce, Roma\",\"description\":\"Raeli Hotel Luce, Roma\",\"publisher\":{\"@id\":\"https:\/\/www.raelihotelluce.com\/it\/#organization\"},\"potentialAction\":[{\"@type\":\"SearchAction\",\"target\":{\"@type\":\"EntryPoint\",\"urlTemplate\":\"https:\/\/www.raelihotelluce.com\/it\/?s={search_term_string}\"},\"query-input\":{\"@type\":\"PropertyValueSpecification\",\"valueRequired\":true,\"valueName\":\"search_term_string\"}}],\"inLanguage\":\"it-IT\"},{\"@type\":\"Organization\",\"@id\":\"https:\/\/www.raelihotelluce.com\/it\/#organization\",\"name\":\"Hostal R\u00edo Paran\u00e1\",\"url\":\"https:\/\/www.raelihotelluce.com\/it\/\",\"logo\":{\"@type\":\"ImageObject\",\"inLanguage\":\"it-IT\",\"@id\":\"https:\/\/www.raelihotelluce.com\/it\/#\/schema\/logo\/image\/\",\"url\":\"https:\/\/www.raelihotelluce.com\/wp-content\/uploads\/2019\/06\/Hostal-rio-paran\u00e1.png\",\"contentUrl\":\"https:\/\/www.raelihotelluce.com\/wp-content\/uploads\/2019\/06\/Hostal-rio-paran\u00e1.png\",\"width\":500,\"height\":500,\"caption\":\"Hostal R\u00edo Paran\u00e1\"},\"image\":{\"@id\":\"https:\/\/www.raelihotelluce.com\/it\/#\/schema\/logo\/image\/\"}}]}<\/script>\n<!-- \/ Yoast SEO plugin. -->","yoast_head_json":{"title":"Raeli Hotel Luce - Roma","description":"Raeli Hotel Luce: il tuo \u2b50hotel\u2b50 a Roma. Vicino a Santa Maria Maggiore. Il miglior binomio qualit\u00e0\/prezzo >>>","robots":{"index":"index","follow":"follow","max-snippet":"max-snippet:-1","max-image-preview":"max-image-preview:large","max-video-preview":"max-video-preview:-1"},"canonical":"https:\/\/www.raelihotelluce.com\/it\/","og_locale":"it_IT","og_type":"article","og_title":"Raeli Hotel Luce - Roma","og_description":"Raeli Hotel Luce: il tuo \u2b50hotel\u2b50 a Roma. Vicino a Santa Maria Maggiore. Il miglior binomio qualit\u00e0\/prezzo >>>","og_url":"https:\/\/www.raelihotelluce.com\/it\/","og_site_name":"Raeli Hotel Luce, Roma","article_modified_time":"2025-11-06T10:41:31+00:00","twitter_card":"summary_large_image","twitter_misc":{"Tempo di lettura stimato":"2 minuti"},"schema":{"@context":"https:\/\/schema.org","@graph":[{"@type":"WebPage","@id":"https:\/\/www.raelihotelluce.com\/it\/","url":"https:\/\/www.raelihotelluce.com\/it\/","name":"Raeli Hotel Luce - Roma","isPartOf":{"@id":"https:\/\/www.raelihotelluce.com\/it\/#website"},"datePublished":"2019-01-21T01:53:00+00:00","dateModified":"2025-11-06T10:41:31+00:00","description":"Raeli Hotel Luce: il tuo \u2b50hotel\u2b50 a Roma. Vicino a Santa Maria Maggiore. Il miglior binomio qualit\u00e0\/prezzo >>>","breadcrumb":{"@id":"https:\/\/www.raelihotelluce.com\/it\/#breadcrumb"},"inLanguage":"it-IT","potentialAction":[{"@type":"ReadAction","target":["https:\/\/www.raelihotelluce.com\/it\/"]}]},{"@type":"BreadcrumbList","@id":"https:\/\/www.raelihotelluce.com\/it\/#breadcrumb","itemListElement":[{"@type":"ListItem","position":1,"name":"Home","item":"https:\/\/www.raelihotelluce.com\/it\/"},{"@type":"ListItem","position":2,"name":"Raeli Hotel Luce"}]},{"@type":"WebSite","@id":"https:\/\/www.raelihotelluce.com\/it\/#website","url":"https:\/\/www.raelihotelluce.com\/it\/","name":"Raeli Hotel Luce, Roma","description":"Raeli Hotel Luce, Roma","publisher":{"@id":"https:\/\/www.raelihotelluce.com\/it\/#organization"},"potentialAction":[{"@type":"SearchAction","target":{"@type":"EntryPoint","urlTemplate":"https:\/\/www.raelihotelluce.com\/it\/?s={search_term_string}"},"query-input":{"@type":"PropertyValueSpecification","valueRequired":true,"valueName":"search_term_string"}}],"inLanguage":"it-IT"},{"@type":"Organization","@id":"https:\/\/www.raelihotelluce.com\/it\/#organization","name":"Hostal R\u00edo Paran\u00e1","url":"https:\/\/www.raelihotelluce.com\/it\/","logo":{"@type":"ImageObject","inLanguage":"it-IT","@id":"https:\/\/www.raelihotelluce.com\/it\/#\/schema\/logo\/image\/","url":"https:\/\/www.raelihotelluce.com\/wp-content\/uploads\/2019\/06\/Hostal-rio-paran\u00e1.png","contentUrl":"https:\/\/www.raelihotelluce.com\/wp-content\/uploads\/2019\/06\/Hostal-rio-paran\u00e1.png","width":500,"height":500,"caption":"Hostal R\u00edo Paran\u00e1"},"image":{"@id":"https:\/\/www.raelihotelluce.com\/it\/#\/schema\/logo\/image\/"}}]}},"_links":{"self":[{"href":"https:\/\/www.raelihotelluce.com\/it\/wp-json\/wp\/v2\/pages\/1123","targetHints":{"allow":["GET"]}}],"collection":[{"href":"https:\/\/www.raelihotelluce.com\/it\/wp-json\/wp\/v2\/pages"}],"about":[{"href":"https:\/\/www.raelihotelluce.com\/it\/wp-json\/wp\/v2\/types\/page"}],"author":[{"embeddable":true,"href":"https:\/\/www.raelihotelluce.com\/it\/wp-json\/wp\/v2\/users\/1"}],"replies":[{"embeddable":true,"href":"https:\/\/www.raelihotelluce.com\/it\/wp-json\/wp\/v2\/comments?post=1123"}],"version-history":[{"count":5,"href":"https:\/\/www.raelihotelluce.com\/it\/wp-json\/wp\/v2\/pages\/1123\/revisions"}],"predecessor-version":[{"id":1240,"href":"https:\/\/www.raelihotelluce.com\/it\/wp-json\/wp\/v2\/pages\/1123\/revisions\/1240"}],"wp:attachment":[{"href":"https:\/\/www.raelihotelluce.com\/it\/wp-json\/wp\/v2\/media?parent=1123"}],"curies":[{"name":"wp","href":"https:\/\/api.w.org\/{rel}","templated":true}]}}